{"id":5061,"date":"2024-12-11T13:12:32","date_gmt":"2024-12-11T13:12:32","guid":{"rendered":"https:\/\/nccmr.org\/diplomaa\/"},"modified":"2026-02-19T09:09:20","modified_gmt":"2026-02-19T09:09:20","slug":"diploma","status":"publish","type":"page","link":"https:\/\/nccmr.org\/fr\/diploma\/","title":{"rendered":"NCCMR Dipl\u00f4me"},"content":{"rendered":"\t\t<div data-elementor-type=\"wp-post\" data-elementor-id=\"5061\" class=\"elementor elementor-5061 elementor-6\" data-elementor-post-type=\"page\">\n\t\t\t\t<div class=\"elementor-element elementor-element-287144d3 e-flex e-con-boxed e-con e-parent\" data-id=\"287144d3\" data-element_type=\"container\" data-e-type=\"container\" data-settings=\"{&quot;jet_parallax_layout_list&quot;:[],&quot;background_background&quot;:&quot;classic&quot;,&quot;ekit_has_onepagescroll_dot&quot;:&quot;yes&quot;}\">\n\t\t\t\t\t<div class=\"e-con-inner\">\n\t\t<div class=\"elementor-element elementor-element-2a7c8d7b e-con-full e-flex e-con e-child\" data-id=\"2a7c8d7b\" data-element_type=\"container\" data-e-type=\"container\" data-settings=\"{&quot;jet_parallax_layout_list&quot;:[],&quot;background_background&quot;:&quot;classic&quot;,&quot;ekit_has_onepagescroll_dot&quot;:&quot;yes&quot;}\">\n\t\t\t\t<div class=\"elementor-element elementor-element-4119667 elementor-widget elementor-widget-heading\" data-id=\"4119667\" data-element_type=\"widget\" data-e-type=\"widget\" data-settings=\"{&quot;ekit_we_effect_on&quot;:&quot;none&quot;}\" data-widget_type=\"heading.default\">\n\t\t\t\t<div class=\"elementor-widget-container\">\n\t\t\t\t\t<h1 class=\"elementor-heading-title elementor-size-default\">Dipl\u00f4me en relations islamo-chr\u00e9tiennes<\/h1>\t\t\t\t<\/div>\n\t\t\t\t<\/div>\n\t\t\t\t<div class=\"elementor-element elementor-element-4627c6df elementor-widget elementor-widget-text-editor\" data-id=\"4627c6df\" data-element_type=\"widget\" data-e-type=\"widget\" data-settings=\"{&quot;ekit_we_effect_on&quot;:&quot;none&quot;}\" data-widget_type=\"text-editor.default\">\n\t\t\t\t<div class=\"elementor-widget-container\">\n\t\t\t\t\t\t\t\t\t<p><span lang=\"FR\">En collaboration avec\u00a0<\/span><span style=\"color: #ff9900;\"><a style=\"color: #ff9900;\" href=\"https:\/\/www.domuni.eu\/en\/\" target=\"_blank\" rel=\"noopener\" data-saferedirecturl=\"https:\/\/www.google.com\/url?q=https:\/\/www.domuni.eu\/en\/&amp;source=gmail&amp;ust=1767008634885000&amp;usg=AOvVaw3J-7z-0WvzduMFDZR02RPG\"><span lang=\"FR\">Domuni Universitas<\/span><\/a><\/span><span lang=\"FR\">,\u00a0le NCCMR a lanc\u00e9 le Dipl\u00f4me en ligne en Relations islamo-chr\u00e9tiennes. Ce programme permettra aux \u00e9tudiants d\u2019acqu\u00e9rir les connaissances fondamentales de chaque religion et d\u2019explorer la dynamique et la complexit\u00e9 des relations entre chr\u00e9tiens et musulmans en Afrique, en Asie et au Moyen-Orient. Enseign\u00e9 en anglais, il n\u00e9cessite aucune formation pr\u00e9alable et il est vivement recommand\u00e9 aux \u00e9tudiants et aux professionnels de tous horizons et de toutes disciplines souhaitant se familiariser avec les relations islamo-chr\u00e9tiennes, en particulier en Afrique, en Asie et au Moyen-Orient.<u><\/u><u><\/u><\/span><\/p><p><span lang=\"FR\">Le corps enseignant est compos\u00e9 d\u2019\u00e9minents universitaires, de professeurs d\u2019universit\u00e9 et de praticiens hautement exp\u00e9riment\u00e9s dans les domaines de l\u2019engagement interreligieux et des relations islamo-chr\u00e9tiennes.<\/span><\/p>\t\t\t\t\t\t\t\t<\/div>\n\t\t\t\t<\/div>\n\t\t\t\t<div class=\"elementor-element elementor-element-7142cde elementor-widget elementor-widget-heading\" data-id=\"7142cde\" data-element_type=\"widget\" data-e-type=\"widget\" data-settings=\"{&quot;ekit_we_effect_on&quot;:&quot;none&quot;}\" data-widget_type=\"heading.default\">\n\t\t\t\t<div class=\"elementor-widget-container\">\n\t\t\t\t\t<h2 class=\"elementor-heading-title elementor-size-default\">Les \u00e9tudiants obtiennent un certificat en relations islamo-chr\u00e9tiennes apr\u00e8s avoir suivi quatre cours (30 ECTS), puis un dipl\u00f4me apr\u00e8s avoir suivi les huit cours (60 cr\u00e9dits ECTS) :<\/h2>\t\t\t\t<\/div>\n\t\t\t\t<\/div>\n\t\t<div class=\"elementor-element elementor-element-5d7a2b36 e-con-full e-flex e-con e-child\" data-id=\"5d7a2b36\" data-element_type=\"container\" data-e-type=\"container\" data-settings=\"{&quot;jet_parallax_layout_list&quot;:[],&quot;ekit_has_onepagescroll_dot&quot;:&quot;yes&quot;}\">\n\t\t<div class=\"elementor-element elementor-element-7c29dfa7 e-con-full e-flex e-con e-child\" data-id=\"7c29dfa7\" data-element_type=\"container\" data-e-type=\"container\" data-settings=\"{&quot;jet_parallax_layout_list&quot;:[],&quot;ekit_has_onepagescroll_dot&quot;:&quot;yes&quot;}\">\n\t\t\t\t<div class=\"elementor-element elementor-element-51cd5bae elementor-widget elementor-widget-text-editor\" data-id=\"51cd5bae\" data-element_type=\"widget\" data-e-type=\"widget\" data-settings=\"{&quot;ekit_we_effect_on&quot;:&quot;none&quot;}\" data-widget_type=\"text-editor.default\">\n\t\t\t\t<div class=\"elementor-widget-container\">\n\t\t\t\t\t\t\t\t\t<ul>\n<li><strong>Introduction au christianisme<\/strong>\n<ul>\n<li>Dr. Aldrin M. Pe\u00f1amora Philippine Council of Evangelical Churches (PCEC) et directeur de Center for the Study of Christian-Muslim Relations.<\/li>\n<\/ul>\n<\/li>\n<\/ul>\n<ul>\n<li><strong>Introduction \u00e0 l\u2019islam<\/strong>\n<ul>\n<li>Prof. Dr. Adnane Mokrani, Professeur d\u2019\u00e9tudes islamiques, Universit\u00e9 pontificale gr\u00e9gorienne.<\/li>\n<\/ul>\n<\/li>\n<\/ul>\n<ul style=\"font-weight: 400;\">\n<li><strong>Les relations islamo-chr\u00e9tiennes primitives<\/strong><\/li>\n<\/ul>\n<ul>\n<li style=\"list-style-type: none;\">\n<ul>\n<li>Dr. Wageeh Mikhail, Scholar Leaders et directeur de NCCMR.<\/li>\n<\/ul>\n<\/li>\n<\/ul>\n<ul>\n<li><strong>Raisonnement scriptural<\/strong>\n<ul>\n<li>Dr .Emad Botros, Near East School of Theology.<\/li><li>Dr. Ghassan El Masri, Universit\u00e9 Friedrich Alexander d\u2019Erlangen-Nuremberg et coordinateur de NCCMR.<\/li>\n<\/ul>\n<\/li>\n<\/ul>\n<ul style=\"font-weight: 400;\">\n<li><strong>Les relations islamo-chr\u00e9tiennes contemporaines<\/strong>\n<ul>\n<li>Sarah Shaltout, Centre d\u2019\u00e9tudes du Moyen-Orient et d\u2019Asie centrale ; boursi\u00e8re Handsel, \u00c9cole des relations internationales, Universit\u00e9 de St Andrews.<\/li>\n<\/ul>\n<\/li>\n<\/ul>\n<ul>\n<li><strong>Philosophie analytique<\/strong>\n<ul>\n<li>Dr. Bernard Matolino, \u00c9cole de religion, de philosophie et de lettres classiques, Universit\u00e9 du KwaZulu-Natal.<\/li>\n<\/ul>\n<\/li>\n<\/ul>\n<ul>\n<li><strong>Philosophie de la religion<\/strong>\n<ul>\n<li>Dr. Isaac Mutelo, Universit\u00e9 j\u00e9suite d\u2019Arrupe, Harare, Zimbabwe.<\/li>\n<\/ul>\n<\/li>\n<\/ul>\n<ul>\n<li><strong>Exp\u00e9riences de vie \u2013 CMR en Afrique, en Asie et dans la r\u00e9gion MENA<\/strong>\n<ul>\n<li>Coordonn\u00e9 par Dr. Heba Salah, D\u0101r al-\u02beIft\u0101\u02be (Chambre de publication des \u00e9dits religieux) d\u2019\u00c9gypte.<\/li>\n<\/ul>\n<\/li>\n<\/ul>\t\t\t\t\t\t\t\t<\/div>\n\t\t\t\t<\/div>\n\t\t\t\t<\/div>\n\t\t<div class=\"elementor-element elementor-element-12e0e801 e-con-full e-flex e-con e-child\" data-id=\"12e0e801\" data-element_type=\"container\" data-e-type=\"container\" data-settings=\"{&quot;jet_parallax_layout_list&quot;:[],&quot;ekit_has_onepagescroll_dot&quot;:&quot;yes&quot;}\">\n\t\t\t\t<div class=\"elementor-element elementor-element-560593d8 elementor-widget elementor-widget-heading\" data-id=\"560593d8\" data-element_type=\"widget\" data-e-type=\"widget\" data-settings=\"{&quot;ekit_we_effect_on&quot;:&quot;none&quot;}\" data-widget_type=\"heading.default\">\n\t\t\t\t<div class=\"elementor-widget-container\">\n\t\t\t\t\t<h2 class=\"elementor-heading-title elementor-size-default\">Un programme de bourses d'\u00e9tudes pour soutenir les \u00e9tudiants dans le besoin est en cours d'\u00e9laboration. Plus d'informations sont \u00e0 venir !<\/h2>\t\t\t\t<\/div>\n\t\t\t\t<\/div>\n\t\t\t\t<div class=\"elementor-element elementor-element-944abd6 elementor-widget elementor-widget-text-editor\" data-id=\"944abd6\" data-element_type=\"widget\" data-e-type=\"widget\" data-settings=\"{&quot;ekit_we_effect_on&quot;:&quot;none&quot;}\" data-widget_type=\"text-editor.default\">\n\t\t\t\t<div class=\"elementor-widget-container\">\n\t\t\t\t\t\t\t\t\t<p><span style=\"color: #ff9900;\">Les \u00e9tudiants int\u00e9ress\u00e9s \u00e0 rejoindre le programme de dipl\u00f4me, veuillez saisir vos informations ici (<span style=\"color: #003366;\"><a style=\"color: #003366;\" href=\"https:\/\/nccmr.org\/diplomaa\/\">disponible en anglais uniquement<\/a><\/span>)<\/span><\/p>\t\t\t\t\t\t\t\t<\/div>\n\t\t\t\t<\/div>\n\t\t\t\t<\/div>\n\t\t\t\t<\/div>\n\t\t\t\t<\/div>\n\t\t<div class=\"elementor-element elementor-element-763a81e4 e-con-full e-flex e-con e-child\" data-id=\"763a81e4\" data-element_type=\"container\" data-e-type=\"container\" data-settings=\"{&quot;sticky&quot;:&quot;top&quot;,&quot;sticky_parent&quot;:&quot;yes&quot;,&quot;jet_parallax_layout_list&quot;:[],&quot;ekit_has_onepagescroll_dot&quot;:&quot;yes&quot;,&quot;sticky_on&quot;:[&quot;desktop&quot;,&quot;laptop&quot;,&quot;tablet&quot;,&quot;mobile&quot;],&quot;sticky_offset&quot;:0,&quot;sticky_effects_offset&quot;:0,&quot;sticky_anchor_link_offset&quot;:0}\">\n\t\t\t\t<div class=\"elementor-element elementor-element-1389f2aa elementor-widget elementor-widget-image\" data-id=\"1389f2aa\" data-element_type=\"widget\" data-e-type=\"widget\" data-settings=\"{&quot;ekit_we_effect_on&quot;:&quot;none&quot;}\" data-widget_type=\"image.default\">\n\t\t\t\t<div class=\"elementor-widget-container\">\n\t\t\t\t\t\t\t\t\t\t\t\t\t\t\t<img fetchpriority=\"high\" decoding=\"async\" width=\"543\" height=\"800\" src=\"https:\/\/nccmr.org\/wp-content\/smush-webp\/2025\/01\/\u0631\u0633\u0645-\u0644\u0637\u0644\u0627\u0628-\u0641\u064a-\u0645\u0643\u062a\u0628\u0629-\u0628\u064a\u062a-\u0627\u0644\u062d\u0643\u0645\u0629-\u0645\u0646-\u0643\u062a\u0627\u0628-\u0645\u0642\u0627\u0645\u0627\u062a-\u0627\u0644\u062d\u0631\u064a\u0631\u064a-\u0644\u0644\u0631\u0633\u0627\u0645-\u064a\u062d\u064a\u0649-\u0627\u0644\u0648\u0627\u0633\u0637\u064a\u060c-\u0628\u063a\u062f\u0627\u062f-1237-\u0645.jpg.webp\" class=\"attachment-large size-large wp-image-3002\" alt=\"\" srcset=\"https:\/\/nccmr.org\/wp-content\/smush-webp\/2025\/01\/\u0631\u0633\u0645-\u0644\u0637\u0644\u0627\u0628-\u0641\u064a-\u0645\u0643\u062a\u0628\u0629-\u0628\u064a\u062a-\u0627\u0644\u062d\u0643\u0645\u0629-\u0645\u0646-\u0643\u062a\u0627\u0628-\u0645\u0642\u0627\u0645\u0627\u062a-\u0627\u0644\u062d\u0631\u064a\u0631\u064a-\u0644\u0644\u0631\u0633\u0627\u0645-\u064a\u062d\u064a\u0649-\u0627\u0644\u0648\u0627\u0633\u0637\u064a\u060c-\u0628\u063a\u062f\u0627\u062f-1237-\u0645.jpg.webp 543w, https:\/\/nccmr.org\/wp-content\/smush-webp\/2025\/01\/\u0631\u0633\u0645-\u0644\u0637\u0644\u0627\u0628-\u0641\u064a-\u0645\u0643\u062a\u0628\u0629-\u0628\u064a\u062a-\u0627\u0644\u062d\u0643\u0645\u0629-\u0645\u0646-\u0643\u062a\u0627\u0628-\u0645\u0642\u0627\u0645\u0627\u062a-\u0627\u0644\u062d\u0631\u064a\u0631\u064a-\u0644\u0644\u0631\u0633\u0627\u0645-\u064a\u062d\u064a\u0649-\u0627\u0644\u0648\u0627\u0633\u0637\u064a\u060c-\u0628\u063a\u062f\u0627\u062f-1237-\u0645-204x300.jpg.webp 204w\" sizes=\"(max-width: 543px) 100vw, 543px\" \/>\t\t\t\t\t\t\t\t\t\t\t\t\t\t\t<\/div>\n\t\t\t\t<\/div>\n\t\t\t\t<\/div>\n\t\t\t\t\t<\/div>\n\t\t\t\t<\/div>\n\t\t\t\t<\/div>\n\t\t","protected":false},"excerpt":{"rendered":"<p>Dipl\u00f4me en relations islamo-chr\u00e9tiennes En collaboration avec\u00a0Domuni Universitas,\u00a0le NCCMR a lanc\u00e9 le Dipl\u00f4me en ligne en Relations islamo-chr\u00e9tiennes. Ce programme permettra aux \u00e9tudiants d\u2019acqu\u00e9rir les connaissances fondamentales de chaque religion et d\u2019explorer la dynamique et la complexit\u00e9 des relations entre chr\u00e9tiens et musulmans en Afrique, en Asie et au Moyen-Orient. Enseign\u00e9 en anglais, il n\u00e9cessite [&hellip;]<\/p>\n","protected":false},"author":1,"featured_media":0,"parent":0,"menu_order":0,"comment_status":"closed","ping_status":"closed","template":"","meta":{"_eb_attr":"","rs_blank_template":"","rs_page_bg_color":"","slide_template_v7":"","footnotes":""},"class_list":["post-5061","page","type-page","status-publish","hentry"],"yoast_head":"<!-- This site is optimized with the Yoast SEO Premium plugin v27.4 (Yoast SEO v27.4) - https:\/\/yoast.com\/product\/yoast-seo-premium-wordpress\/ -->\n<title>NCCMR Dipl\u00f4me - NCCMR | Network of Centers for Christian-Muslim Relations<\/title>\n<meta name=\"description\" content=\"Network of Centers for Christian-Muslim Relations (NCCMR) promotes academic dialogue, research, and cooperation to advance Christian-Muslim relations worldwide.\" \/>\n<meta name=\"robots\" content=\"index, follow, max-snippet:-1, max-image-preview:large, max-video-preview:-1\" \/>\n<link rel=\"canonical\" href=\"https:\/\/nccmr.org\/fr\/diploma\/\" \/>\n<meta property=\"og:locale\" content=\"fr_FR\" \/>\n<meta property=\"og:type\" content=\"article\" \/>\n<meta property=\"og:title\" content=\"NCCMR Dipl\u00f4me\" \/>\n<meta property=\"og:description\" content=\"The Network of Centers for Christian-Muslim Relations (NCCMR) is an international academic network promoting research, dialogue, and cooperation in Christian-Muslim relations.\" \/>\n<meta property=\"og:url\" content=\"https:\/\/nccmr.org\/fr\/diploma\/\" \/>\n<meta property=\"og:site_name\" content=\"NCCMR | Network of Centers for Christian-Muslim Relations\" \/>\n<meta property=\"article:publisher\" content=\"https:\/\/www.facebook.com\/nccmr.networkk\" \/>\n<meta property=\"article:modified_time\" content=\"2026-02-19T09:09:20+00:00\" \/>\n<meta property=\"og:image\" content=\"https:\/\/nccmr.org\/wp-content\/uploads\/2026\/01\/NCCMR-Logo-1.png\" \/>\n\t<meta property=\"og:image:width\" content=\"554\" \/>\n\t<meta property=\"og:image:height\" content=\"325\" \/>\n\t<meta property=\"og:image:type\" content=\"image\/png\" \/>\n<meta name=\"twitter:card\" content=\"summary_large_image\" \/>\n<meta name=\"twitter:label1\" content=\"Dur\u00e9e de lecture estim\u00e9e\" \/>\n\t<meta name=\"twitter:data1\" content=\"3 minutes\" \/>\n<script type=\"application\/ld+json\" class=\"yoast-schema-graph\">{\"@context\":\"https:\\\/\\\/schema.org\",\"@graph\":[{\"@type\":\"WebPage\",\"@id\":\"https:\\\/\\\/nccmr.org\\\/fr\\\/diploma\\\/\",\"url\":\"https:\\\/\\\/nccmr.org\\\/fr\\\/diploma\\\/\",\"name\":\"NCCMR Dipl\u00f4me - NCCMR | Network of Centers for Christian-Muslim Relations\",\"isPartOf\":{\"@id\":\"https:\\\/\\\/nccmr.org\\\/fr\\\/#website\"},\"datePublished\":\"2024-12-11T13:12:32+00:00\",\"dateModified\":\"2026-02-19T09:09:20+00:00\",\"description\":\"Network of Centers for Christian-Muslim Relations (NCCMR) promotes academic dialogue, research, and cooperation to advance Christian-Muslim relations worldwide.\",\"breadcrumb\":{\"@id\":\"https:\\\/\\\/nccmr.org\\\/fr\\\/diploma\\\/#breadcrumb\"},\"inLanguage\":\"fr-FR\",\"potentialAction\":[{\"@type\":\"ReadAction\",\"target\":[\"https:\\\/\\\/nccmr.org\\\/fr\\\/diploma\\\/\"]}]},{\"@type\":\"BreadcrumbList\",\"@id\":\"https:\\\/\\\/nccmr.org\\\/fr\\\/diploma\\\/#breadcrumb\",\"itemListElement\":[{\"@type\":\"ListItem\",\"position\":1,\"name\":\"Home\",\"item\":\"https:\\\/\\\/nccmr.org\\\/fr\\\/\"},{\"@type\":\"ListItem\",\"position\":2,\"name\":\"NCCMR Dipl\u00f4me\"}]},{\"@type\":\"WebSite\",\"@id\":\"https:\\\/\\\/nccmr.org\\\/fr\\\/#website\",\"url\":\"https:\\\/\\\/nccmr.org\\\/fr\\\/\",\"name\":\"NCCMR | Network of Centers for Christian-Muslim Relations\",\"description\":\"NCCMR | Network of Centers for Christian-Muslim Relations\",\"publisher\":{\"@id\":\"https:\\\/\\\/nccmr.org\\\/fr\\\/#organization\"},\"potentialAction\":[{\"@type\":\"SearchAction\",\"target\":{\"@type\":\"EntryPoint\",\"urlTemplate\":\"https:\\\/\\\/nccmr.org\\\/fr\\\/?s={search_term_string}\"},\"query-input\":{\"@type\":\"PropertyValueSpecification\",\"valueRequired\":true,\"valueName\":\"search_term_string\"}}],\"inLanguage\":\"fr-FR\"},{\"@type\":\"Organization\",\"@id\":\"https:\\\/\\\/nccmr.org\\\/fr\\\/#organization\",\"name\":\"NCCMR | Network of Centers for Christian-Muslim Relations\",\"alternateName\":\"nccmr\",\"url\":\"https:\\\/\\\/nccmr.org\\\/fr\\\/\",\"logo\":{\"@type\":\"ImageObject\",\"inLanguage\":\"fr-FR\",\"@id\":\"https:\\\/\\\/nccmr.org\\\/fr\\\/#\\\/schema\\\/logo\\\/image\\\/\",\"url\":\"https:\\\/\\\/nccmr.org\\\/wp-content\\\/uploads\\\/2026\\\/01\\\/NCCMR-Logo-1.png\",\"contentUrl\":\"https:\\\/\\\/nccmr.org\\\/wp-content\\\/uploads\\\/2026\\\/01\\\/NCCMR-Logo-1.png\",\"width\":554,\"height\":325,\"caption\":\"NCCMR | Network of Centers for Christian-Muslim Relations\"},\"image\":{\"@id\":\"https:\\\/\\\/nccmr.org\\\/fr\\\/#\\\/schema\\\/logo\\\/image\\\/\"},\"sameAs\":[\"https:\\\/\\\/www.facebook.com\\\/nccmr.networkk\"],\"description\":\"The Network of Centers for Christian-Muslim Relations (NCCMR) is an international academic network dedicated to advancing research, education, and dialogue in Christian-Muslim relations and interreligious studies. It brings together universities, research centers, and scholars worldwide to promote academic cooperation, peacebuilding, and mutual understanding.\",\"email\":\"info@nccmr.org\",\"legalName\":\"Network of Centers for Christian-Muslim Relations\",\"numberOfEmployees\":{\"@type\":\"QuantitativeValue\",\"minValue\":\"1\",\"maxValue\":\"10\"}}]}<\/script>\n<!-- \/ Yoast SEO Premium plugin. -->","yoast_head_json":{"title":"NCCMR Dipl\u00f4me - NCCMR | Network of Centers for Christian-Muslim Relations","description":"Network of Centers for Christian-Muslim Relations (NCCMR) promotes academic dialogue, research, and cooperation to advance Christian-Muslim relations worldwide.","robots":{"index":"index","follow":"follow","max-snippet":"max-snippet:-1","max-image-preview":"max-image-preview:large","max-video-preview":"max-video-preview:-1"},"canonical":"https:\/\/nccmr.org\/fr\/diploma\/","og_locale":"fr_FR","og_type":"article","og_title":"NCCMR Dipl\u00f4me","og_description":"The Network of Centers for Christian-Muslim Relations (NCCMR) is an international academic network promoting research, dialogue, and cooperation in Christian-Muslim relations.","og_url":"https:\/\/nccmr.org\/fr\/diploma\/","og_site_name":"NCCMR | Network of Centers for Christian-Muslim Relations","article_publisher":"https:\/\/www.facebook.com\/nccmr.networkk","article_modified_time":"2026-02-19T09:09:20+00:00","og_image":[{"width":554,"height":325,"url":"https:\/\/nccmr.org\/wp-content\/uploads\/2026\/01\/NCCMR-Logo-1.png","type":"image\/png"}],"twitter_card":"summary_large_image","twitter_misc":{"Dur\u00e9e de lecture estim\u00e9e":"3 minutes"},"schema":{"@context":"https:\/\/schema.org","@graph":[{"@type":"WebPage","@id":"https:\/\/nccmr.org\/fr\/diploma\/","url":"https:\/\/nccmr.org\/fr\/diploma\/","name":"NCCMR Dipl\u00f4me - NCCMR | Network of Centers for Christian-Muslim Relations","isPartOf":{"@id":"https:\/\/nccmr.org\/fr\/#website"},"datePublished":"2024-12-11T13:12:32+00:00","dateModified":"2026-02-19T09:09:20+00:00","description":"Network of Centers for Christian-Muslim Relations (NCCMR) promotes academic dialogue, research, and cooperation to advance Christian-Muslim relations worldwide.","breadcrumb":{"@id":"https:\/\/nccmr.org\/fr\/diploma\/#breadcrumb"},"inLanguage":"fr-FR","potentialAction":[{"@type":"ReadAction","target":["https:\/\/nccmr.org\/fr\/diploma\/"]}]},{"@type":"BreadcrumbList","@id":"https:\/\/nccmr.org\/fr\/diploma\/#breadcrumb","itemListElement":[{"@type":"ListItem","position":1,"name":"Home","item":"https:\/\/nccmr.org\/fr\/"},{"@type":"ListItem","position":2,"name":"NCCMR Dipl\u00f4me"}]},{"@type":"WebSite","@id":"https:\/\/nccmr.org\/fr\/#website","url":"https:\/\/nccmr.org\/fr\/","name":"NCCMR | Network of Centers for Christian-Muslim Relations","description":"NCCMR | Network of Centers for Christian-Muslim Relations","publisher":{"@id":"https:\/\/nccmr.org\/fr\/#organization"},"potentialAction":[{"@type":"SearchAction","target":{"@type":"EntryPoint","urlTemplate":"https:\/\/nccmr.org\/fr\/?s={search_term_string}"},"query-input":{"@type":"PropertyValueSpecification","valueRequired":true,"valueName":"search_term_string"}}],"inLanguage":"fr-FR"},{"@type":"Organization","@id":"https:\/\/nccmr.org\/fr\/#organization","name":"NCCMR | Network of Centers for Christian-Muslim Relations","alternateName":"nccmr","url":"https:\/\/nccmr.org\/fr\/","logo":{"@type":"ImageObject","inLanguage":"fr-FR","@id":"https:\/\/nccmr.org\/fr\/#\/schema\/logo\/image\/","url":"https:\/\/nccmr.org\/wp-content\/uploads\/2026\/01\/NCCMR-Logo-1.png","contentUrl":"https:\/\/nccmr.org\/wp-content\/uploads\/2026\/01\/NCCMR-Logo-1.png","width":554,"height":325,"caption":"NCCMR | Network of Centers for Christian-Muslim Relations"},"image":{"@id":"https:\/\/nccmr.org\/fr\/#\/schema\/logo\/image\/"},"sameAs":["https:\/\/www.facebook.com\/nccmr.networkk"],"description":"The Network of Centers for Christian-Muslim Relations (NCCMR) is an international academic network dedicated to advancing research, education, and dialogue in Christian-Muslim relations and interreligious studies. It brings together universities, research centers, and scholars worldwide to promote academic cooperation, peacebuilding, and mutual understanding.","email":"info@nccmr.org","legalName":"Network of Centers for Christian-Muslim Relations","numberOfEmployees":{"@type":"QuantitativeValue","minValue":"1","maxValue":"10"}}]}},"_links":{"self":[{"href":"https:\/\/nccmr.org\/fr\/wp-json\/wp\/v2\/pages\/5061","targetHints":{"allow":["GET"]}}],"collection":[{"href":"https:\/\/nccmr.org\/fr\/wp-json\/wp\/v2\/pages"}],"about":[{"href":"https:\/\/nccmr.org\/fr\/wp-json\/wp\/v2\/types\/page"}],"author":[{"embeddable":true,"href":"https:\/\/nccmr.org\/fr\/wp-json\/wp\/v2\/users\/1"}],"replies":[{"embeddable":true,"href":"https:\/\/nccmr.org\/fr\/wp-json\/wp\/v2\/comments?post=5061"}],"version-history":[{"count":0,"href":"https:\/\/nccmr.org\/fr\/wp-json\/wp\/v2\/pages\/5061\/revisions"}],"wp:attachment":[{"href":"https:\/\/nccmr.org\/fr\/wp-json\/wp\/v2\/media?parent=5061"}],"curies":[{"name":"wp","href":"https:\/\/api.w.org\/{rel}","templated":true}]}}