{"id":7303,"date":"2025-12-16T09:01:53","date_gmt":"2025-12-16T09:01:53","guid":{"rendered":"https:\/\/nccmr.org\/join-us\/"},"modified":"2026-04-23T10:56:59","modified_gmt":"2026-04-23T10:56:59","slug":"join-us","status":"publish","type":"page","link":"https:\/\/nccmr.org\/fr\/join-us\/","title":{"rendered":"Rejoignez-nous"},"content":{"rendered":"\t\t<div data-elementor-type=\"wp-page\" data-elementor-id=\"7303\" class=\"elementor elementor-7303 elementor-6398\" data-elementor-post-type=\"page\">\n\t\t\t\t<div class=\"elementor-element elementor-element-2cd047c e-con-full e-flex e-con e-parent\" data-id=\"2cd047c\" data-element_type=\"container\" data-e-type=\"container\" data-settings=\"{&quot;background_background&quot;:&quot;classic&quot;,&quot;jet_parallax_layout_list&quot;:[],&quot;ekit_has_onepagescroll_dot&quot;:&quot;yes&quot;}\">\n\t\t<div class=\"elementor-element elementor-element-65fbc02 e-con-full e-flex e-con e-child\" data-id=\"65fbc02\" data-element_type=\"container\" data-e-type=\"container\" data-settings=\"{&quot;background_background&quot;:&quot;classic&quot;,&quot;jet_parallax_layout_list&quot;:[],&quot;ekit_has_onepagescroll_dot&quot;:&quot;yes&quot;}\">\n\t\t\t\t<div class=\"elementor-element elementor-element-1bfe614 elementor-widget elementor-widget-heading\" data-id=\"1bfe614\" data-element_type=\"widget\" data-e-type=\"widget\" data-settings=\"{&quot;ekit_we_effect_on&quot;:&quot;none&quot;}\" data-widget_type=\"heading.default\">\n\t\t\t\t<div class=\"elementor-widget-container\">\n\t\t\t\t\t<h1 class=\"elementor-heading-title elementor-size-default\">Rejoignez-nous\n<\/h1>\t\t\t\t<\/div>\n\t\t\t\t<\/div>\n\t\t\t\t<div class=\"elementor-element elementor-element-0e652b3 elementor-widget elementor-widget-text-editor\" data-id=\"0e652b3\" data-element_type=\"widget\" data-e-type=\"widget\" data-settings=\"{&quot;ekit_we_effect_on&quot;:&quot;none&quot;}\" data-widget_type=\"text-editor.default\">\n\t\t\t\t<div class=\"elementor-widget-container\">\n\t\t\t\t\t\t\t\t\t<p><span style=\"font-weight: 400;\">L\u2019adh\u00e9sion au NCCMR est ouverte \u00e0 des personnes et des institutions s\u00e9lectionn\u00e9es disposant d\u2019un parcours av\u00e9r\u00e9 dans le maintien et le renforcement du dialogue et de l\u2019engagement chr\u00e9tiens-musulmans au sein de leurs communaut\u00e9s locales en Afrique, en Asie et dans la r\u00e9gion MENA.<\/span><\/p><p>\u00a0<\/p><p><span style=\"font-weight: 400;\">L\u2019admission au R\u00e9seau est soumise \u00e0 l\u2019approbation du Comit\u00e9 de pilotage du NCCMR, compos\u00e9 de six directeurs issus des centres membres.<\/span><\/p>\t\t\t\t\t\t\t\t<\/div>\n\t\t\t\t<\/div>\n\t\t\t\t<div class=\"elementor-element elementor-element-3dc27a1 elementor-widget elementor-widget-text-editor\" data-id=\"3dc27a1\" data-element_type=\"widget\" data-e-type=\"widget\" data-settings=\"{&quot;ekit_we_effect_on&quot;:&quot;none&quot;}\" data-widget_type=\"text-editor.default\">\n\t\t\t\t<div class=\"elementor-widget-container\">\n\t\t\t\t\t\t\t\t\t<p><span style=\"font-weight: 400;\">Vous pouvez soumettre votre candidature en<\/span> <span style=\"color: #ff9900;\"><a style=\"color: #ff9900;\" href=\"https:\/\/nccmr.org\/wp-content\/uploads\/2025\/12\/Center-Membership-Application.docx\"><span style=\"font-weight: 400;\">t\u00e9l\u00e9chargeant le formulaire<\/span><\/a> <\/span><span style=\"font-weight: 400;\">et en nous l\u2019envoyant par courrier \u00e9lectronique \u00e0 l\u2019adresse suivante : <\/span><span style=\"color: #ff9900;\"><a style=\"color: #ff9900;\" href=\"mailto:info@nccmr.org\"><b>info@nccmr.org<\/b><\/a>.<br \/><br \/><\/span><\/p>\t\t\t\t\t\t\t\t<\/div>\n\t\t\t\t<\/div>\n\t\t\t\t<\/div>\n\t\t<div class=\"elementor-element elementor-element-344225c e-con-full e-flex e-con e-child\" data-id=\"344225c\" data-element_type=\"container\" data-e-type=\"container\" data-settings=\"{&quot;jet_parallax_layout_list&quot;:[],&quot;background_background&quot;:&quot;classic&quot;,&quot;ekit_has_onepagescroll_dot&quot;:&quot;yes&quot;}\">\n\t\t\t\t<div class=\"elementor-element elementor-element-36e397a elementor-widget elementor-widget-image\" data-id=\"36e397a\" data-element_type=\"widget\" data-e-type=\"widget\" data-settings=\"{&quot;ekit_we_effect_on&quot;:&quot;none&quot;}\" data-widget_type=\"image.default\">\n\t\t\t\t<div class=\"elementor-widget-container\">\n\t\t\t\t\t\t\t\t\t\t\t\t\t\t\t<img fetchpriority=\"high\" decoding=\"async\" width=\"736\" height=\"711\" src=\"https:\/\/nccmr.org\/wp-content\/smush-webp\/2025\/12\/Join-Us-Image.jpg.webp\" class=\"attachment-large size-large wp-image-6413\" alt=\"\" srcset=\"https:\/\/nccmr.org\/wp-content\/smush-webp\/2025\/12\/Join-Us-Image.jpg.webp 736w, https:\/\/nccmr.org\/wp-content\/smush-webp\/2025\/12\/Join-Us-Image-300x290.jpg.webp 300w\" sizes=\"(max-width: 736px) 100vw, 736px\" \/>\t\t\t\t\t\t\t\t\t\t\t\t\t\t\t<\/div>\n\t\t\t\t<\/div>\n\t\t\t\t<\/div>\n\t\t\t\t<\/div>\n\t\t\t\t<\/div>\n\t\t","protected":false},"excerpt":{"rendered":"<p>Rejoignez-nous L\u2019adh\u00e9sion au NCCMR est ouverte \u00e0 des personnes et des institutions s\u00e9lectionn\u00e9es disposant d\u2019un parcours av\u00e9r\u00e9 dans le maintien et le renforcement du dialogue et de l\u2019engagement chr\u00e9tiens-musulmans au sein de leurs communaut\u00e9s locales en Afrique, en Asie et dans la r\u00e9gion MENA. \u00a0 L\u2019admission au R\u00e9seau est soumise \u00e0 l\u2019approbation du Comit\u00e9 de [&hellip;]<\/p>\n","protected":false},"author":1,"featured_media":0,"parent":0,"menu_order":0,"comment_status":"closed","ping_status":"closed","template":"","meta":{"_eb_attr":"","rs_blank_template":"","rs_page_bg_color":"","slide_template_v7":"","footnotes":""},"class_list":["post-7303","page","type-page","status-publish","hentry"],"yoast_head":"<!-- This site is optimized with the Yoast SEO Premium plugin v27.5 (Yoast SEO v27.5) - https:\/\/yoast.com\/product\/yoast-seo-premium-wordpress\/ -->\n<title>Rejoignez-nous - NCCMR | Network of Centers for Christian-Muslim Relations<\/title>\n<meta name=\"description\" content=\"Network of Centers for Christian-Muslim Relations (NCCMR) promotes academic dialogue, research, and cooperation to advance Christian-Muslim relations worldwide.\" \/>\n<meta name=\"robots\" content=\"index, follow, max-snippet:-1, max-image-preview:large, max-video-preview:-1\" \/>\n<link rel=\"canonical\" href=\"https:\/\/nccmr.org\/fr\/join-us\/\" \/>\n<meta property=\"og:locale\" content=\"fr_FR\" \/>\n<meta property=\"og:type\" content=\"article\" \/>\n<meta property=\"og:title\" content=\"Rejoignez-nous\" \/>\n<meta property=\"og:description\" content=\"The Network of Centers for Christian-Muslim Relations (NCCMR) is an international academic network promoting research, dialogue, and cooperation in Christian-Muslim relations.\" \/>\n<meta property=\"og:url\" content=\"https:\/\/nccmr.org\/fr\/join-us\/\" \/>\n<meta property=\"og:site_name\" content=\"NCCMR | Network of Centers for Christian-Muslim Relations\" \/>\n<meta property=\"article:publisher\" content=\"https:\/\/www.facebook.com\/nccmr.networkk\" \/>\n<meta property=\"article:modified_time\" content=\"2026-04-23T10:56:59+00:00\" \/>\n<meta property=\"og:image\" content=\"https:\/\/nccmr.org\/wp-content\/uploads\/2025\/12\/Join-Us-Image.jpg\" \/>\n\t<meta property=\"og:image:width\" content=\"736\" \/>\n\t<meta property=\"og:image:height\" content=\"711\" \/>\n\t<meta property=\"og:image:type\" content=\"image\/jpeg\" \/>\n<meta name=\"twitter:card\" content=\"summary_large_image\" \/>\n<meta name=\"twitter:label1\" content=\"Dur\u00e9e de lecture estim\u00e9e\" \/>\n\t<meta name=\"twitter:data1\" content=\"1 minute\" \/>\n<script type=\"application\/ld+json\" class=\"yoast-schema-graph\">{\"@context\":\"https:\\\/\\\/schema.org\",\"@graph\":[{\"@type\":\"WebPage\",\"@id\":\"https:\\\/\\\/nccmr.org\\\/fr\\\/join-us\\\/\",\"url\":\"https:\\\/\\\/nccmr.org\\\/fr\\\/join-us\\\/\",\"name\":\"Rejoignez-nous - NCCMR | Network of Centers for Christian-Muslim Relations\",\"isPartOf\":{\"@id\":\"https:\\\/\\\/nccmr.org\\\/fr\\\/#website\"},\"primaryImageOfPage\":{\"@id\":\"https:\\\/\\\/nccmr.org\\\/fr\\\/join-us\\\/#primaryimage\"},\"image\":{\"@id\":\"https:\\\/\\\/nccmr.org\\\/fr\\\/join-us\\\/#primaryimage\"},\"thumbnailUrl\":\"https:\\\/\\\/nccmr.org\\\/wp-content\\\/uploads\\\/2025\\\/12\\\/Join-Us-Image.jpg\",\"datePublished\":\"2025-12-16T09:01:53+00:00\",\"dateModified\":\"2026-04-23T10:56:59+00:00\",\"description\":\"Network of Centers for Christian-Muslim Relations (NCCMR) promotes academic dialogue, research, and cooperation to advance Christian-Muslim relations worldwide.\",\"breadcrumb\":{\"@id\":\"https:\\\/\\\/nccmr.org\\\/fr\\\/join-us\\\/#breadcrumb\"},\"inLanguage\":\"fr-FR\",\"potentialAction\":[{\"@type\":\"ReadAction\",\"target\":[\"https:\\\/\\\/nccmr.org\\\/fr\\\/join-us\\\/\"]}]},{\"@type\":\"ImageObject\",\"inLanguage\":\"fr-FR\",\"@id\":\"https:\\\/\\\/nccmr.org\\\/fr\\\/join-us\\\/#primaryimage\",\"url\":\"https:\\\/\\\/nccmr.org\\\/wp-content\\\/uploads\\\/2025\\\/12\\\/Join-Us-Image.jpg\",\"contentUrl\":\"https:\\\/\\\/nccmr.org\\\/wp-content\\\/uploads\\\/2025\\\/12\\\/Join-Us-Image.jpg\"},{\"@type\":\"BreadcrumbList\",\"@id\":\"https:\\\/\\\/nccmr.org\\\/fr\\\/join-us\\\/#breadcrumb\",\"itemListElement\":[{\"@type\":\"ListItem\",\"position\":1,\"name\":\"Home\",\"item\":\"https:\\\/\\\/nccmr.org\\\/fr\\\/\"},{\"@type\":\"ListItem\",\"position\":2,\"name\":\"Rejoignez-nous\"}]},{\"@type\":\"WebSite\",\"@id\":\"https:\\\/\\\/nccmr.org\\\/fr\\\/#website\",\"url\":\"https:\\\/\\\/nccmr.org\\\/fr\\\/\",\"name\":\"NCCMR | Network of Centers for Christian-Muslim Relations\",\"description\":\"NCCMR | Network of Centers for Christian-Muslim Relations\",\"publisher\":{\"@id\":\"https:\\\/\\\/nccmr.org\\\/fr\\\/#organization\"},\"potentialAction\":[{\"@type\":\"SearchAction\",\"target\":{\"@type\":\"EntryPoint\",\"urlTemplate\":\"https:\\\/\\\/nccmr.org\\\/fr\\\/?s={search_term_string}\"},\"query-input\":{\"@type\":\"PropertyValueSpecification\",\"valueRequired\":true,\"valueName\":\"search_term_string\"}}],\"inLanguage\":\"fr-FR\"},{\"@type\":\"Organization\",\"@id\":\"https:\\\/\\\/nccmr.org\\\/fr\\\/#organization\",\"name\":\"NCCMR | Network of Centers for Christian-Muslim Relations\",\"alternateName\":\"nccmr\",\"url\":\"https:\\\/\\\/nccmr.org\\\/fr\\\/\",\"logo\":{\"@type\":\"ImageObject\",\"inLanguage\":\"fr-FR\",\"@id\":\"https:\\\/\\\/nccmr.org\\\/fr\\\/#\\\/schema\\\/logo\\\/image\\\/\",\"url\":\"https:\\\/\\\/nccmr.org\\\/wp-content\\\/uploads\\\/2026\\\/01\\\/NCCMR-Logo-1.png\",\"contentUrl\":\"https:\\\/\\\/nccmr.org\\\/wp-content\\\/uploads\\\/2026\\\/01\\\/NCCMR-Logo-1.png\",\"width\":554,\"height\":325,\"caption\":\"NCCMR | Network of Centers for Christian-Muslim Relations\"},\"image\":{\"@id\":\"https:\\\/\\\/nccmr.org\\\/fr\\\/#\\\/schema\\\/logo\\\/image\\\/\"},\"sameAs\":[\"https:\\\/\\\/www.facebook.com\\\/nccmr.networkk\"],\"description\":\"The Network of Centers for Christian-Muslim Relations (NCCMR) is an international academic network dedicated to advancing research, education, and dialogue in Christian-Muslim relations and interreligious studies. It brings together universities, research centers, and scholars worldwide to promote academic cooperation, peacebuilding, and mutual understanding.\",\"email\":\"info@nccmr.org\",\"legalName\":\"Network of Centers for Christian-Muslim Relations\",\"numberOfEmployees\":{\"@type\":\"QuantitativeValue\",\"minValue\":\"1\",\"maxValue\":\"10\"}}]}<\/script>\n<!-- \/ Yoast SEO Premium plugin. -->","yoast_head_json":{"title":"Rejoignez-nous - NCCMR | Network of Centers for Christian-Muslim Relations","description":"Network of Centers for Christian-Muslim Relations (NCCMR) promotes academic dialogue, research, and cooperation to advance Christian-Muslim relations worldwide.","robots":{"index":"index","follow":"follow","max-snippet":"max-snippet:-1","max-image-preview":"max-image-preview:large","max-video-preview":"max-video-preview:-1"},"canonical":"https:\/\/nccmr.org\/fr\/join-us\/","og_locale":"fr_FR","og_type":"article","og_title":"Rejoignez-nous","og_description":"The Network of Centers for Christian-Muslim Relations (NCCMR) is an international academic network promoting research, dialogue, and cooperation in Christian-Muslim relations.","og_url":"https:\/\/nccmr.org\/fr\/join-us\/","og_site_name":"NCCMR | Network of Centers for Christian-Muslim Relations","article_publisher":"https:\/\/www.facebook.com\/nccmr.networkk","article_modified_time":"2026-04-23T10:56:59+00:00","og_image":[{"width":736,"height":711,"url":"https:\/\/nccmr.org\/wp-content\/uploads\/2025\/12\/Join-Us-Image.jpg","type":"image\/jpeg"}],"twitter_card":"summary_large_image","twitter_misc":{"Dur\u00e9e de lecture estim\u00e9e":"1 minute"},"schema":{"@context":"https:\/\/schema.org","@graph":[{"@type":"WebPage","@id":"https:\/\/nccmr.org\/fr\/join-us\/","url":"https:\/\/nccmr.org\/fr\/join-us\/","name":"Rejoignez-nous - NCCMR | Network of Centers for Christian-Muslim Relations","isPartOf":{"@id":"https:\/\/nccmr.org\/fr\/#website"},"primaryImageOfPage":{"@id":"https:\/\/nccmr.org\/fr\/join-us\/#primaryimage"},"image":{"@id":"https:\/\/nccmr.org\/fr\/join-us\/#primaryimage"},"thumbnailUrl":"https:\/\/nccmr.org\/wp-content\/uploads\/2025\/12\/Join-Us-Image.jpg","datePublished":"2025-12-16T09:01:53+00:00","dateModified":"2026-04-23T10:56:59+00:00","description":"Network of Centers for Christian-Muslim Relations (NCCMR) promotes academic dialogue, research, and cooperation to advance Christian-Muslim relations worldwide.","breadcrumb":{"@id":"https:\/\/nccmr.org\/fr\/join-us\/#breadcrumb"},"inLanguage":"fr-FR","potentialAction":[{"@type":"ReadAction","target":["https:\/\/nccmr.org\/fr\/join-us\/"]}]},{"@type":"ImageObject","inLanguage":"fr-FR","@id":"https:\/\/nccmr.org\/fr\/join-us\/#primaryimage","url":"https:\/\/nccmr.org\/wp-content\/uploads\/2025\/12\/Join-Us-Image.jpg","contentUrl":"https:\/\/nccmr.org\/wp-content\/uploads\/2025\/12\/Join-Us-Image.jpg"},{"@type":"BreadcrumbList","@id":"https:\/\/nccmr.org\/fr\/join-us\/#breadcrumb","itemListElement":[{"@type":"ListItem","position":1,"name":"Home","item":"https:\/\/nccmr.org\/fr\/"},{"@type":"ListItem","position":2,"name":"Rejoignez-nous"}]},{"@type":"WebSite","@id":"https:\/\/nccmr.org\/fr\/#website","url":"https:\/\/nccmr.org\/fr\/","name":"NCCMR | Network of Centers for Christian-Muslim Relations","description":"NCCMR | Network of Centers for Christian-Muslim Relations","publisher":{"@id":"https:\/\/nccmr.org\/fr\/#organization"},"potentialAction":[{"@type":"SearchAction","target":{"@type":"EntryPoint","urlTemplate":"https:\/\/nccmr.org\/fr\/?s={search_term_string}"},"query-input":{"@type":"PropertyValueSpecification","valueRequired":true,"valueName":"search_term_string"}}],"inLanguage":"fr-FR"},{"@type":"Organization","@id":"https:\/\/nccmr.org\/fr\/#organization","name":"NCCMR | Network of Centers for Christian-Muslim Relations","alternateName":"nccmr","url":"https:\/\/nccmr.org\/fr\/","logo":{"@type":"ImageObject","inLanguage":"fr-FR","@id":"https:\/\/nccmr.org\/fr\/#\/schema\/logo\/image\/","url":"https:\/\/nccmr.org\/wp-content\/uploads\/2026\/01\/NCCMR-Logo-1.png","contentUrl":"https:\/\/nccmr.org\/wp-content\/uploads\/2026\/01\/NCCMR-Logo-1.png","width":554,"height":325,"caption":"NCCMR | Network of Centers for Christian-Muslim Relations"},"image":{"@id":"https:\/\/nccmr.org\/fr\/#\/schema\/logo\/image\/"},"sameAs":["https:\/\/www.facebook.com\/nccmr.networkk"],"description":"The Network of Centers for Christian-Muslim Relations (NCCMR) is an international academic network dedicated to advancing research, education, and dialogue in Christian-Muslim relations and interreligious studies. It brings together universities, research centers, and scholars worldwide to promote academic cooperation, peacebuilding, and mutual understanding.","email":"info@nccmr.org","legalName":"Network of Centers for Christian-Muslim Relations","numberOfEmployees":{"@type":"QuantitativeValue","minValue":"1","maxValue":"10"}}]}},"_links":{"self":[{"href":"https:\/\/nccmr.org\/fr\/wp-json\/wp\/v2\/pages\/7303","targetHints":{"allow":["GET"]}}],"collection":[{"href":"https:\/\/nccmr.org\/fr\/wp-json\/wp\/v2\/pages"}],"about":[{"href":"https:\/\/nccmr.org\/fr\/wp-json\/wp\/v2\/types\/page"}],"author":[{"embeddable":true,"href":"https:\/\/nccmr.org\/fr\/wp-json\/wp\/v2\/users\/1"}],"replies":[{"embeddable":true,"href":"https:\/\/nccmr.org\/fr\/wp-json\/wp\/v2\/comments?post=7303"}],"version-history":[{"count":4,"href":"https:\/\/nccmr.org\/fr\/wp-json\/wp\/v2\/pages\/7303\/revisions"}],"predecessor-version":[{"id":7307,"href":"https:\/\/nccmr.org\/fr\/wp-json\/wp\/v2\/pages\/7303\/revisions\/7307"}],"wp:attachment":[{"href":"https:\/\/nccmr.org\/fr\/wp-json\/wp\/v2\/media?parent=7303"}],"curies":[{"name":"wp","href":"https:\/\/api.w.org\/{rel}","templated":true}]}}